{"id":3133,"date":"2020-04-27T06:28:05","date_gmt":"2020-04-27T06:28:05","guid":{"rendered":"https:\/\/airtec-energie.ch\/?page_id=3133"},"modified":"2020-07-23T12:24:03","modified_gmt":"2020-07-23T12:24:03","slug":"contact","status":"publish","type":"page","link":"https:\/\/airtec-energie.ch\/fr\/contact\/","title":{"rendered":"Contact"},"content":{"rendered":"<section class=\"wpb-content-wrapper\"><p>[vc_row css=\u00a0\u00bb.vc_custom_1585726982043{padding-top: 100px !important;padding-bottom: 100px !important;}\u00a0\u00bb el_class=\u00a0\u00bbcontact-page\u00a0\u00bb][vc_column width=\u00a0\u00bb1\/3&Prime; el_class=\u00a0\u00bbcontact-address-left\u00a0\u00bb]  <div class=\"block contact_address\">\n    <div class=\"title\">\n      <h4>Veuillez nous appeler<\/h4>\n      <h1>ou remplir le formulaire<\/h1>\n    <\/div>\n\n    \n      <div class=\"media border-bottom contact-media\">\n        <span class=\"info-icon\"><i class=\"dustrial-icon fa fa-volume-control-phone\"><\/i><\/span>\n        <div class=\"media-body\">\n          <h5 class=\"mt-0 mb-0\">T\u00e9l\u00e9phone:<\/h5>\n                      <a href=\"tel:027 458 58 50\">027 458 58 50<\/a>\n                  <\/div>\n      <\/div>\n    \n      <div class=\"media border-bottom contact-media\">\n        <span class=\"info-icon\"><i class=\"dustrial-icon fa fa-envelope\"><\/i><\/span>\n        <div class=\"media-body\">\n          <h5 class=\"mt-0 mb-0\">E-mail:<\/h5>\n                    <a href=\"mailto:info@airtec-energie.ch\">info@airtec-energie.ch<\/a>\n                  <\/div>\n      <\/div>\n    \n      <div class=\"media border-bottom contact-media\">\n        <span class=\"info-icon\"><i class=\"dustrial-icon fa fa-map-marker\"><\/i><\/span>\n        <div class=\"media-body\">\n          <h5 class=\"mt-0 mb-0\">Lieu:<\/h5>\n          Route de Chippis 66, 3966 Chalais (VS)        <\/div>\n      <\/div>\n    \n      <div class=\"media border-bottom contact-media\">\n        <span class=\"info-icon\"><i class=\"dustrial-icon fa fa-print\"><\/i><\/span>\n        <div class=\"media-body\">\n          <h5 class=\"mt-0 mb-0\">Fax:<\/h5>\n                      <a href=\"tel:027 458 58 52\">027 458 58 52<\/a>\n                  <\/div>\n      <\/div>\n        <div class=\"contact-social-info\">\n              <a href=\"https:\/\/www.youtube.com\/watch?v=6Jrbf9VpYGk&#038;t=2s\"><i class=\"dustrial-icon fa fa-youtube\" aria-hidden=\"true\"><\/i><\/a>\n              <a href=\"https:\/\/www.linkedin.com\/company\/airtecenergie\/\"><i class=\"dustrial-icon fa fa-linkedin\" aria-hidden=\"true\"><\/i><\/a>\n          <\/div>\n    \n  <\/div>\n\n  [\/vc_column][vc_column width=\u00a0\u00bb2\/3&Prime; el_class=\u00a0\u00bbcontact-page-form\u00a0\u00bb css=\u00a0\u00bb.vc_custom_1584024270028{padding-bottom: 50px !important;}\u00a0\u00bb]\n<div class=\"wpcf7 no-js\" id=\"wpcf7-f3538-o1\" lang=\"fr-FR\" dir=\"ltr\">\n<div class=\"screen-reader-response\"><p role=\"status\" aria-live=\"polite\" aria-atomic=\"true\"><\/p> <ul><\/ul><\/div>\n<form action=\"\/fr\/wp-json\/wp\/v2\/pages\/3133#wpcf7-f3538-o1\" method=\"post\" class=\"wpcf7-form init\" aria-label=\"Formulaire de contact\" enctype=\"multipart\/form-data\" novalidate=\"novalidate\" data-status=\"init\">\n<div style=\"display: none;\">\n<input type=\"hidden\" name=\"_wpcf7\" value=\"3538\" \/>\n<input type=\"hidden\" name=\"_wpcf7_version\" value=\"5.8.1\" \/>\n<input type=\"hidden\" name=\"_wpcf7_locale\" value=\"fr_FR\" \/>\n<input type=\"hidden\" name=\"_wpcf7_unit_tag\" value=\"wpcf7-f3538-o1\" \/>\n<input type=\"hidden\" name=\"_wpcf7_container_post\" value=\"0\" \/>\n<input type=\"hidden\" name=\"_wpcf7_posted_data_hash\" value=\"\" \/>\n<\/div>\n<div class=\"contact-feedback-block\">\n\t<div class=\"form-row\">\n\t\t<div class=\"form-group col-md-6\">\n\t\t\t<p><span class=\"wpcf7-form-control-wrap\" data-name=\"Prenom-Client\"><input size=\"40\" class=\"wpcf7-form-control wpcf7-text wpcf7-validates-as-required form-control rounded-0\" aria-required=\"true\" aria-invalid=\"false\" placeholder=\"Pr\u00e9nom*\" value=\"\" type=\"text\" name=\"Prenom-Client\" \/><\/span>\n\t\t\t<\/p>\n\t\t<\/div>\n\t\t<div class=\"form-group col-md-6 pr-lg-3\">\n\t\t\t<p><span class=\"wpcf7-form-control-wrap\" data-name=\"Nom-Client\"><input size=\"40\" class=\"wpcf7-form-control wpcf7-text wpcf7-validates-as-required form-control rounded-0\" aria-required=\"true\" aria-invalid=\"false\" placeholder=\"Nom*\" value=\"\" type=\"text\" name=\"Nom-Client\" \/><\/span>\n\t\t\t<\/p>\n\t\t<\/div>\n\t\t<div class=\"form-group col-md-6\">\n\t\t\t<p><span class=\"wpcf7-form-control-wrap\" data-name=\"Entreprise-Client\"><input size=\"40\" class=\"wpcf7-form-control wpcf7-text form-control rounded-0\" aria-invalid=\"false\" placeholder=\"Entreprise\" value=\"\" type=\"text\" name=\"Entreprise-Client\" \/><\/span>\n\t\t\t<\/p>\n\t\t<\/div>\n\t\t<div class=\"form-group col-md-6 pr-lg-3\">\n\t\t\t<p><span class=\"wpcf7-form-control-wrap\" data-name=\"Mail-CLient\"><input size=\"40\" class=\"wpcf7-form-control wpcf7-email wpcf7-validates-as-required wpcf7-text wpcf7-validates-as-email form-control rounded-0\" aria-required=\"true\" aria-invalid=\"false\" placeholder=\"E-mail*\" value=\"\" type=\"email\" name=\"Mail-CLient\" \/><\/span>\n\t\t\t<\/p>\n\t\t<\/div>\n\t\t<div class=\"form-group col-md-6\">\n\t\t\t<p><span class=\"wpcf7-form-control-wrap\" data-name=\"Tel-Client\"><input size=\"40\" class=\"wpcf7-form-control wpcf7-tel wpcf7-validates-as-required wpcf7-text wpcf7-validates-as-tel form-control rounded-0\" aria-required=\"true\" aria-invalid=\"false\" placeholder=\"Num\u00e9ro de t\u00e9l\u00e9phone*\" value=\"\" type=\"tel\" name=\"Tel-Client\" \/><\/span>\n\t\t\t<\/p>\n\t\t<\/div>\n\t\t<div class=\"form-group col-md-6 pr-lg-3\">\n\t\t\t<p><span class=\"wpcf7-form-control-wrap\" data-name=\"Objet\"><input size=\"40\" class=\"wpcf7-form-control wpcf7-text wpcf7-validates-as-required form-control rounded-0\" aria-required=\"true\" aria-invalid=\"false\" placeholder=\"Objet*\" value=\"\" type=\"text\" name=\"Objet\" \/><\/span>\n\t\t\t<\/p>\n\t\t<\/div>\n\t\t<div class=\"form-group col-md-6\">\n\t\t\t<p><span class=\"wpcf7-form-control-wrap\" data-name=\"Datei\"><input size=\"40\" class=\"wpcf7-form-control wpcf7-file\" accept=\".pdf,.png,.jpeg,.jpg\" aria-invalid=\"false\" type=\"file\" name=\"Datei\" \/><\/span>\n\t\t\t<\/p>\n\t\t<\/div>\n\t\t<div class=\"form-group col-12\">\n\t\t\t<p><span class=\"wpcf7-form-control-wrap\" data-name=\"Message-Client\"><textarea cols=\"80\" rows=\"5\" class=\"wpcf7-form-control wpcf7-textarea form-control rounded-0\" aria-invalid=\"false\" placeholder=\"Comment pouvons-nous vous aider?\" name=\"Message-Client\"><\/textarea><\/span>\n\t\t\t<\/p>\n\t\t<\/div>\n\t\t<div class=\"form-group col-12\">\n\t\t\t<p><button type=\"submit\" class=\"get_quote_btn\">Envoyer le message<\/button>\n\t\t\t<\/p>\n\t\t<\/div>\n\t<\/div>\n<\/div><p style=\"display: none !important;\"><label>&#916;<textarea name=\"_wpcf7_ak_hp_textarea\" cols=\"45\" rows=\"8\" maxlength=\"100\"><\/textarea><\/label><input type=\"hidden\" id=\"ak_js_1\" name=\"_wpcf7_ak_js\" value=\"244\"\/><script>document.getElementById( \"ak_js_1\" ).setAttribute( \"value\", ( new Date() ).getTime() );<\/script><\/p><div class=\"wpcf7-response-output\" aria-hidden=\"true\"><\/div>\n<\/form>\n<\/div>\n[\/vc_column][\/vc_row][vc_row full_width=\u00a0\u00bbstretch_row_content_no_spaces\u00a0\u00bb css=\u00a0\u00bb.vc_custom_1543061823223{margin-right: 0px !important;margin-bottom: 0px !important;margin-left: 0px !important;}\u00a0\u00bb][vc_column css=\u00a0\u00bb.vc_custom_1543061849576{margin-top: 0px !important;margin-right: 0px !important;margin-bottom: 0px !important;margin-left: 0px !important;padding-right: 0px !important;padding-left: 0px !important;}\u00a0\u00bb][vc_gmaps link=\u00a0\u00bb#E-8_JTNDaWZyYW1lJTIwc3JjJTNEJTIyaHR0cHMlM0ElMkYlMkZ3d3cuZ29vZ2xlLmNvbSUyRm1hcHMlMkZlbWJlZCUzRnBiJTNEJTIxMW0xOCUyMTFtMTIlMjExbTMlMjExZDI3NTcuNzI3MTA3NDc0MDM0MyUyMTJkNy41MjQzNTk3MTU1NjI4NzIlMjEzZDQ2LjI3NTUyNzI4Njk2MDQ1JTIxMm0zJTIxMWYwJTIxMmYwJTIxM2YwJTIxM20yJTIxMWkxMDI0JTIxMmk3NjglMjE0ZjEzLjElMjEzbTMlMjExbTIlMjExczB4NDc4ZjFmNzk3YTM2ZWQyZiUyNTNBMHhlYThlNjIwY2VhYzAwMmJhJTIxMnNBaXJ0ZWMlMjUyMEVuZXJnaWUlMjUyMFMlMjVDMyUyNUEwcmwlMjE1ZTAlMjEzbTIlMjExc2RlJTIxMnNjaCUyMTR2MTU3OTc5MTAzMDUzNyUyMTVtMiUyMTFzZGUlMjEyc2NoJTIyJTIwd2lkdGglM0QlMjI2MDAlMjIlMjBoZWlnaHQlM0QlMjI0NTAlMjIlMjBmcmFtZWJvcmRlciUzRCUyMjAlMjIlMjBzdHlsZSUzRCUyMmJvcmRlciUzQTAlM0IlMjIlMjBhbGxvd2Z1bGxzY3JlZW4lM0QlMjIlMjIlM0UlM0MlMkZpZnJhbWUlM0U=\u00a0\u00bb css=\u00a0\u00bb.vc_custom_1579791042785{margin-bottom: 0px !important;padding-top: 0px !important;padding-right: 0px !important;padding-bottom: 0px !important;padding-left: 0px !important;}\u00a0\u00bb][\/vc_column][\/vc_row]<\/p>\n<\/section>","protected":false},"excerpt":{"rendered":"<p>[vc_row css=\u00a0\u00bb.vc_custom_1585726982043{padding-top: 100px !important;padding-bottom: 100px !important;}\u00a0\u00bb el_class=\u00a0\u00bbcontact-page\u00a0\u00bb][vc_column width=\u00a0\u00bb1\/3&Prime; el_class=\u00a0\u00bbcontact-address-left\u00a0\u00bb][\/vc_column][vc_column width=\u00a0\u00bb2\/3&Prime; el_class=\u00a0\u00bbcontact-page-form\u00a0\u00bb css=\u00a0\u00bb.vc_custom_1584024270028{padding-bottom: 50px !important;}\u00a0\u00bb][\/vc_column][\/vc_row][vc_row full_width=\u00a0\u00bbstretch_row_content_no_spaces\u00a0\u00bb css=\u00a0\u00bb.vc_custom_1543061823223{margin-right: 0px !important;margin-bottom: 0px !important;margin-left: 0px !important;}\u00a0\u00bb][vc_column css=\u00a0\u00bb.vc_custom_1543061849576{margin-top: 0px !important;margin-right: 0px !important;margin-bottom: 0px !important;margin-left: 0px !important;padding-right: 0px !important;padding-left: 0px !important;}\u00a0\u00bb][vc_gmaps link=\u00a0\u00bb#E-8_JTNDaWZyYW1lJTIwc3JjJTNEJTIyaHR0cHMlM0ElMkYlMkZ3d3cuZ29vZ2xlLmNvbSUyRm1hcHMlMkZlbWJlZCUzRnBiJTNEJTIxMW0xOCUyMTFtMTIlMjExbTMlMjExZDI3NTcuNzI3MTA3NDc0MDM0MyUyMTJkNy41MjQzNTk3MTU1NjI4NzIlMjEzZDQ2LjI3NTUyNzI4Njk2MDQ1JTIxMm0zJTIxMWYwJTIxMmYwJTIxM2YwJTIxM20yJTIxMWkxMDI0JTIxMmk3NjglMjE0ZjEzLjElMjEzbTMlMjExbTIlMjExczB4NDc4ZjFmNzk3YTM2ZWQyZiUyNTNBMHhlYThlNjIwY2VhYzAwMmJhJTIxMnNBaXJ0ZWMlMjUyMEVuZXJnaWUlMjUyMFMlMjVDMyUyNUEwcmwlMjE1ZTAlMjEzbTIlMjExc2RlJTIxMnNjaCUyMTR2MTU3OTc5MTAzMDUzNyUyMTVtMiUyMTFzZGUlMjEyc2NoJTIyJTIwd2lkdGglM0QlMjI2MDAlMjIlMjBoZWlnaHQlM0QlMjI0NTAlMjIlMjBmcmFtZWJvcmRlciUzRCUyMjAlMjIlMjBzdHlsZSUzRCUyMmJvcmRlciUzQTAlM0IlMjIlMjBhbGxvd2Z1bGxzY3JlZW4lM0QlMjIlMjIlM0UlM0MlMkZpZnJhbWUlM0U=\u00a0\u00bb css=\u00a0\u00bb.vc_custom_1579791042785{margin-bottom: 0px !important;padding-top: 0px !important;padding-right: 0px !important;padding-bottom: 0px !important;padding-left: 0px !important;}\u00a0\u00bb][\/vc_column][\/vc_row]<\/p>\n","protected":false},"author":1,"featured_media":0,"parent":0,"menu_order":0,"comment_status":"closed","ping_status":"closed","template":"page-template\/blank-page-sidebar.php","meta":{"footnotes":""},"yoast_head":"<!-- This site is optimized with the Yoast SEO plugin v21.2 - https:\/\/yoast.com\/wordpress\/plugins\/seo\/ -->\n<title>Contact - Airtec Energie<\/title>\n<meta name=\"robots\" content=\"index, follow, max-snippet:-1, max-image-preview:large, max-video-preview:-1\" \/>\n<link rel=\"canonical\" href=\"https:\/\/airtec-energie.ch\/fr\/contact\/\" \/>\n<meta property=\"og:locale\" content=\"fr_FR\" \/>\n<meta property=\"og:type\" content=\"article\" \/>\n<meta property=\"og:title\" content=\"Contact - Airtec Energie\" \/>\n<meta property=\"og:description\" content=\"[vc_row css=\u00a0\u00bb.vc_custom_1585726982043{padding-top: 100px !important;padding-bottom: 100px !important;}\u00a0\u00bb el_class=\u00a0\u00bbcontact-page\u00a0\u00bb][vc_column width=\u00a0\u00bb1\/3&Prime; el_class=\u00a0\u00bbcontact-address-left\u00a0\u00bb][\/vc_column][vc_column width=\u00a0\u00bb2\/3&Prime; el_class=\u00a0\u00bbcontact-page-form\u00a0\u00bb css=\u00a0\u00bb.vc_custom_1584024270028{padding-bottom: 50px !important;}\u00a0\u00bb][\/vc_column][\/vc_row][vc_row full_width=\u00a0\u00bbstretch_row_content_no_spaces\u00a0\u00bb css=\u00a0\u00bb.vc_custom_1543061823223{margin-right: 0px !important;margin-bottom: 0px !important;margin-left: 0px !important;}\u00a0\u00bb][vc_column css=\u00a0\u00bb.vc_custom_1543061849576{margin-top: 0px !important;margin-right: 0px !important;margin-bottom: 0px !important;margin-left: 0px !important;padding-right: 0px !important;padding-left: 0px !important;}\u00a0\u00bb][vc_gmaps link=\u00a0\u00bb#E-8_JTNDaWZyYW1lJTIwc3JjJTNEJTIyaHR0cHMlM0ElMkYlMkZ3d3cuZ29vZ2xlLmNvbSUyRm1hcHMlMkZlbWJlZCUzRnBiJTNEJTIxMW0xOCUyMTFtMTIlMjExbTMlMjExZDI3NTcuNzI3MTA3NDc0MDM0MyUyMTJkNy41MjQzNTk3MTU1NjI4NzIlMjEzZDQ2LjI3NTUyNzI4Njk2MDQ1JTIxMm0zJTIxMWYwJTIxMmYwJTIxM2YwJTIxM20yJTIxMWkxMDI0JTIxMmk3NjglMjE0ZjEzLjElMjEzbTMlMjExbTIlMjExczB4NDc4ZjFmNzk3YTM2ZWQyZiUyNTNBMHhlYThlNjIwY2VhYzAwMmJhJTIxMnNBaXJ0ZWMlMjUyMEVuZXJnaWUlMjUyMFMlMjVDMyUyNUEwcmwlMjE1ZTAlMjEzbTIlMjExc2RlJTIxMnNjaCUyMTR2MTU3OTc5MTAzMDUzNyUyMTVtMiUyMTFzZGUlMjEyc2NoJTIyJTIwd2lkdGglM0QlMjI2MDAlMjIlMjBoZWlnaHQlM0QlMjI0NTAlMjIlMjBmcmFtZWJvcmRlciUzRCUyMjAlMjIlMjBzdHlsZSUzRCUyMmJvcmRlciUzQTAlM0IlMjIlMjBhbGxvd2Z1bGxzY3JlZW4lM0QlMjIlMjIlM0UlM0MlMkZpZnJhbWUlM0U=\u00a0\u00bb css=\u00a0\u00bb.vc_custom_1579791042785{margin-bottom: 0px !important;padding-top: 0px !important;padding-right: 0px !important;padding-bottom: 0px !important;padding-left: 0px !important;}\u00a0\u00bb][\/vc_column][\/vc_row]\" \/>\n<meta property=\"og:url\" content=\"https:\/\/airtec-energie.ch\/fr\/contact\/\" \/>\n<meta property=\"og:site_name\" content=\"Airtec Energie\" \/>\n<meta property=\"article:modified_time\" content=\"2020-07-23T12:24:03+00:00\" \/>\n<meta name=\"twitter:card\" content=\"summary_large_image\" \/>\n<meta name=\"twitter:label1\" content=\"Dur\u00e9e de lecture estim\u00e9e\" \/>\n\t<meta name=\"twitter:data1\" content=\"2 minutes\" \/>\n<script type=\"application\/ld+json\" class=\"yoast-schema-graph\">{\"@context\":\"https:\/\/schema.org\",\"@graph\":[{\"@type\":\"WebPage\",\"@id\":\"https:\/\/airtec-energie.ch\/fr\/contact\/\",\"url\":\"https:\/\/airtec-energie.ch\/fr\/contact\/\",\"name\":\"Contact - Airtec Energie\",\"isPartOf\":{\"@id\":\"https:\/\/airtec-energie.ch\/#website\"},\"datePublished\":\"2020-04-27T06:28:05+00:00\",\"dateModified\":\"2020-07-23T12:24:03+00:00\",\"breadcrumb\":{\"@id\":\"https:\/\/airtec-energie.ch\/fr\/contact\/#breadcrumb\"},\"inLanguage\":\"fr-FR\",\"potentialAction\":[{\"@type\":\"ReadAction\",\"target\":[\"https:\/\/airtec-energie.ch\/fr\/contact\/\"]}]},{\"@type\":\"BreadcrumbList\",\"@id\":\"https:\/\/airtec-energie.ch\/fr\/contact\/#breadcrumb\",\"itemListElement\":[{\"@type\":\"ListItem\",\"position\":1,\"name\":\"Startseite\",\"item\":\"https:\/\/airtec-energie.ch\/fr\/\"},{\"@type\":\"ListItem\",\"position\":2,\"name\":\"Contact\"}]},{\"@type\":\"WebSite\",\"@id\":\"https:\/\/airtec-energie.ch\/#website\",\"url\":\"https:\/\/airtec-energie.ch\/\",\"name\":\"Airtec Energie\",\"description\":\"\",\"publisher\":{\"@id\":\"https:\/\/airtec-energie.ch\/#organization\"},\"potentialAction\":[{\"@type\":\"SearchAction\",\"target\":{\"@type\":\"EntryPoint\",\"urlTemplate\":\"https:\/\/airtec-energie.ch\/?s={search_term_string}\"},\"query-input\":\"required name=search_term_string\"}],\"inLanguage\":\"fr-FR\"},{\"@type\":\"Organization\",\"@id\":\"https:\/\/airtec-energie.ch\/#organization\",\"name\":\"Airtec Energie\",\"url\":\"https:\/\/airtec-energie.ch\/\",\"logo\":{\"@type\":\"ImageObject\",\"inLanguage\":\"fr-FR\",\"@id\":\"https:\/\/airtec-energie.ch\/#\/schema\/logo\/image\/\",\"url\":\"\",\"contentUrl\":\"\",\"caption\":\"Airtec Energie\"},\"image\":{\"@id\":\"https:\/\/airtec-energie.ch\/#\/schema\/logo\/image\/\"},\"sameAs\":[\"https:\/\/www.linkedin.com\/company\/airtecenergie\",\"https:\/\/www.youtube.com\/channel\/UCMlVlQRt4ObhmAaZpv2D4SA\"]}]}<\/script>\n<!-- \/ Yoast SEO plugin. -->","yoast_head_json":{"title":"Contact - Airtec Energie","robots":{"index":"index","follow":"follow","max-snippet":"max-snippet:-1","max-image-preview":"max-image-preview:large","max-video-preview":"max-video-preview:-1"},"canonical":"https:\/\/airtec-energie.ch\/fr\/contact\/","og_locale":"fr_FR","og_type":"article","og_title":"Contact - Airtec Energie","og_description":"[vc_row css=\u00a0\u00bb.vc_custom_1585726982043{padding-top: 100px !important;padding-bottom: 100px !important;}\u00a0\u00bb el_class=\u00a0\u00bbcontact-page\u00a0\u00bb][vc_column width=\u00a0\u00bb1\/3&Prime; el_class=\u00a0\u00bbcontact-address-left\u00a0\u00bb][\/vc_column][vc_column width=\u00a0\u00bb2\/3&Prime; el_class=\u00a0\u00bbcontact-page-form\u00a0\u00bb css=\u00a0\u00bb.vc_custom_1584024270028{padding-bottom: 50px !important;}\u00a0\u00bb][\/vc_column][\/vc_row][vc_row full_width=\u00a0\u00bbstretch_row_content_no_spaces\u00a0\u00bb css=\u00a0\u00bb.vc_custom_1543061823223{margin-right: 0px !important;margin-bottom: 0px !important;margin-left: 0px !important;}\u00a0\u00bb][vc_column css=\u00a0\u00bb.vc_custom_1543061849576{margin-top: 0px !important;margin-right: 0px !important;margin-bottom: 0px !important;margin-left: 0px !important;padding-right: 0px !important;padding-left: 0px !important;}\u00a0\u00bb][vc_gmaps link=\u00a0\u00bb#E-8_JTNDaWZyYW1lJTIwc3JjJTNEJTIyaHR0cHMlM0ElMkYlMkZ3d3cuZ29vZ2xlLmNvbSUyRm1hcHMlMkZlbWJlZCUzRnBiJTNEJTIxMW0xOCUyMTFtMTIlMjExbTMlMjExZDI3NTcuNzI3MTA3NDc0MDM0MyUyMTJkNy41MjQzNTk3MTU1NjI4NzIlMjEzZDQ2LjI3NTUyNzI4Njk2MDQ1JTIxMm0zJTIxMWYwJTIxMmYwJTIxM2YwJTIxM20yJTIxMWkxMDI0JTIxMmk3NjglMjE0ZjEzLjElMjEzbTMlMjExbTIlMjExczB4NDc4ZjFmNzk3YTM2ZWQyZiUyNTNBMHhlYThlNjIwY2VhYzAwMmJhJTIxMnNBaXJ0ZWMlMjUyMEVuZXJnaWUlMjUyMFMlMjVDMyUyNUEwcmwlMjE1ZTAlMjEzbTIlMjExc2RlJTIxMnNjaCUyMTR2MTU3OTc5MTAzMDUzNyUyMTVtMiUyMTFzZGUlMjEyc2NoJTIyJTIwd2lkdGglM0QlMjI2MDAlMjIlMjBoZWlnaHQlM0QlMjI0NTAlMjIlMjBmcmFtZWJvcmRlciUzRCUyMjAlMjIlMjBzdHlsZSUzRCUyMmJvcmRlciUzQTAlM0IlMjIlMjBhbGxvd2Z1bGxzY3JlZW4lM0QlMjIlMjIlM0UlM0MlMkZpZnJhbWUlM0U=\u00a0\u00bb css=\u00a0\u00bb.vc_custom_1579791042785{margin-bottom: 0px !important;padding-top: 0px !important;padding-right: 0px !important;padding-bottom: 0px !important;padding-left: 0px !important;}\u00a0\u00bb][\/vc_column][\/vc_row]","og_url":"https:\/\/airtec-energie.ch\/fr\/contact\/","og_site_name":"Airtec Energie","article_modified_time":"2020-07-23T12:24:03+00:00","twitter_card":"summary_large_image","twitter_misc":{"Dur\u00e9e de lecture estim\u00e9e":"2 minutes"},"schema":{"@context":"https:\/\/schema.org","@graph":[{"@type":"WebPage","@id":"https:\/\/airtec-energie.ch\/fr\/contact\/","url":"https:\/\/airtec-energie.ch\/fr\/contact\/","name":"Contact - Airtec Energie","isPartOf":{"@id":"https:\/\/airtec-energie.ch\/#website"},"datePublished":"2020-04-27T06:28:05+00:00","dateModified":"2020-07-23T12:24:03+00:00","breadcrumb":{"@id":"https:\/\/airtec-energie.ch\/fr\/contact\/#breadcrumb"},"inLanguage":"fr-FR","potentialAction":[{"@type":"ReadAction","target":["https:\/\/airtec-energie.ch\/fr\/contact\/"]}]},{"@type":"BreadcrumbList","@id":"https:\/\/airtec-energie.ch\/fr\/contact\/#breadcrumb","itemListElement":[{"@type":"ListItem","position":1,"name":"Startseite","item":"https:\/\/airtec-energie.ch\/fr\/"},{"@type":"ListItem","position":2,"name":"Contact"}]},{"@type":"WebSite","@id":"https:\/\/airtec-energie.ch\/#website","url":"https:\/\/airtec-energie.ch\/","name":"Airtec Energie","description":"","publisher":{"@id":"https:\/\/airtec-energie.ch\/#organization"},"potentialAction":[{"@type":"SearchAction","target":{"@type":"EntryPoint","urlTemplate":"https:\/\/airtec-energie.ch\/?s={search_term_string}"},"query-input":"required name=search_term_string"}],"inLanguage":"fr-FR"},{"@type":"Organization","@id":"https:\/\/airtec-energie.ch\/#organization","name":"Airtec Energie","url":"https:\/\/airtec-energie.ch\/","logo":{"@type":"ImageObject","inLanguage":"fr-FR","@id":"https:\/\/airtec-energie.ch\/#\/schema\/logo\/image\/","url":"","contentUrl":"","caption":"Airtec Energie"},"image":{"@id":"https:\/\/airtec-energie.ch\/#\/schema\/logo\/image\/"},"sameAs":["https:\/\/www.linkedin.com\/company\/airtecenergie","https:\/\/www.youtube.com\/channel\/UCMlVlQRt4ObhmAaZpv2D4SA"]}]}},"_links":{"self":[{"href":"https:\/\/airtec-energie.ch\/fr\/wp-json\/wp\/v2\/pages\/3133"}],"collection":[{"href":"https:\/\/airtec-energie.ch\/fr\/wp-json\/wp\/v2\/pages"}],"about":[{"href":"https:\/\/airtec-energie.ch\/fr\/wp-json\/wp\/v2\/types\/page"}],"author":[{"embeddable":true,"href":"https:\/\/airtec-energie.ch\/fr\/wp-json\/wp\/v2\/users\/1"}],"replies":[{"embeddable":true,"href":"https:\/\/airtec-energie.ch\/fr\/wp-json\/wp\/v2\/comments?post=3133"}],"version-history":[{"count":3,"href":"https:\/\/airtec-energie.ch\/fr\/wp-json\/wp\/v2\/pages\/3133\/revisions"}],"predecessor-version":[{"id":3832,"href":"https:\/\/airtec-energie.ch\/fr\/wp-json\/wp\/v2\/pages\/3133\/revisions\/3832"}],"wp:attachment":[{"href":"https:\/\/airtec-energie.ch\/fr\/wp-json\/wp\/v2\/media?parent=3133"}],"curies":[{"name":"wp","href":"https:\/\/api.w.org\/{rel}","templated":true}]}}